{"id":28,"date":"2017-08-30T15:55:18","date_gmt":"2017-08-30T15:55:18","guid":{"rendered":"http:\/\/www.anselmodeandrade.pt\/aeaa\/?page_id=28"},"modified":"2025-03-19T09:02:24","modified_gmt":"2025-03-19T09:02:24","slug":"horario-de-funcionamento","status":"publish","type":"page","link":"https:\/\/www.anselmodeandrade.pt\/aeaa\/index.php\/horario-de-funcionamento\/","title":{"rendered":"Hor\u00e1rio de Funcionamento"},"content":{"rendered":"<div id=\"pl-28\"  class=\"panel-layout\" ><div id=\"pg-28-0\"  class=\"panel-grid panel-has-style\" ><div class=\"siteorigin-panels-stretch panel-row-style panel-row-style-for-28-0\" style=\"padding-top: 30px; padding-bottom: 30px; \" data-stretch-type=\"full\" ><div id=\"pgc-28-0-0\"  class=\"panel-grid-cell\" ><div id=\"panel-28-0-0-0\" class=\"so-panel widget widget_text panel-first-child\" data-index=\"0\" ><h3 class=\"widget-title\">Hor\u00e1rio de Funcionamento da Escola Sede<\/h3>\t\t\t<div class=\"textwidget\"><h3>Per\u00edodo da Manh\u00e3<\/h3>\n<p>Inicio do Turno: <strong>8.00h<\/strong><br \/>\nFinal do turno: <strong>13.40h<\/strong><\/p>\n<h3>Per\u00edodo da Tarde<\/h3>\n<p>Inicio do turno: <strong>13.50h<\/strong><br \/>\nFinal do turno: <strong>18.40h<\/strong><\/p>\n<p>&nbsp;<\/p>\n<p>&nbsp;<\/p>\n<\/div>\n\t\t<\/div><div id=\"panel-28-0-0-1\" class=\"so-panel widget widget_text\" data-index=\"1\" ><h3 class=\"widget-title\">Hor\u00e1rio de Funcionamento da Secretaria<\/h3>\t\t\t<div class=\"textwidget\"><p>2\u00aa feira a 6\u00aa feira: 9h30 \u00e0s 15h30<\/p>\n<div><\/div>\n<p>&nbsp;<\/p>\n<\/div>\n\t\t<\/div><div id=\"panel-28-0-0-2\" class=\"so-panel widget widget_text panel-last-child\" data-index=\"2\" ><h3 class=\"widget-title\">Hor\u00e1rio de Funcionamento de outros servi\u00e7os<\/h3>\t\t\t<div class=\"textwidget\"><h3><\/h3>\n<div><strong>Reprografia<\/strong> &#8211; 9h \u00e0s 13h &#8211; 14h \u00e0s 16h45<\/div>\n<div><strong>Biblioteca<\/strong> &#8211; 8h30 \u00e0s 17h<\/div>\n<div><strong>Papelaria<\/strong> &#8211; 9h \u00e0s 13h &#8211; 14h \u00e0s 16h45<\/div>\n<div><\/div>\n<div><\/div>\n<p>&nbsp;<\/p>\n<\/div>\n\t\t<\/div><\/div><div id=\"pgc-28-0-1\"  class=\"panel-grid-cell\" ><div id=\"panel-28-0-1-0\" class=\"so-panel widget widget_text panel-first-child panel-last-child\" data-index=\"3\" ><h3 class=\"widget-title\">Contactos da Escola Sede<\/h3>\t\t\t<div class=\"textwidget\"><h4>Endere\u00e7o<\/h4>\n<p>Rua Ramiro Ferr\u00e3o<br \/>\n2809-011 Almada<\/p>\n<h4>Telefones<\/h4>\n<p>21 272 3590<br \/>\n932 723 590<br \/>\n21 274 9433 (FAX)<\/p>\n<h4>Email<\/h4>\n<p><a href=\"mailto:diretor@anselmodeandrade.pt\">diretor@anselmodeandrade.pt<\/a><\/p>\n<\/div>\n\t\t<\/div><\/div><\/div><\/div><\/div>","protected":false},"excerpt":{"rendered":"<p>Per\u00edodo da Manh\u00e3 Inicio do Turno: 8.00h Final do turno: 13.40h Per\u00edodo da Tarde Inicio do turno: 13.50h Final do turno: 18.40h &nbsp; &nbsp; 2\u00aa feira a 6\u00aa feira: 9h30&nbsp;[ &hellip; ]<\/p>\n","protected":false},"author":2,"featured_media":0,"parent":0,"menu_order":0,"comment_status":"closed","ping_status":"closed","template":"page-templates\/template_page-builder.php","meta":{"footnotes":""},"class_list":["post-28","page","type-page","status-publish","hentry","list-style-post"],"aioseo_notices":[],"jetpack_sharing_enabled":true,"jetpack_shortlink":"https:\/\/wp.me\/P96pMj-s","_links":{"self":[{"href":"https:\/\/www.anselmodeandrade.pt\/aeaa\/index.php\/wp-json\/wp\/v2\/pages\/28","targetHints":{"allow":["GET"]}}],"collection":[{"href":"https:\/\/www.anselmodeandrade.pt\/aeaa\/index.php\/wp-json\/wp\/v2\/pages"}],"about":[{"href":"https:\/\/www.anselmodeandrade.pt\/aeaa\/index.php\/wp-json\/wp\/v2\/types\/page"}],"author":[{"embeddable":true,"href":"https:\/\/www.anselmodeandrade.pt\/aeaa\/index.php\/wp-json\/wp\/v2\/users\/2"}],"replies":[{"embeddable":true,"href":"https:\/\/www.anselmodeandrade.pt\/aeaa\/index.php\/wp-json\/wp\/v2\/comments?post=28"}],"version-history":[{"count":35,"href":"https:\/\/www.anselmodeandrade.pt\/aeaa\/index.php\/wp-json\/wp\/v2\/pages\/28\/revisions"}],"predecessor-version":[{"id":8384,"href":"https:\/\/www.anselmodeandrade.pt\/aeaa\/index.php\/wp-json\/wp\/v2\/pages\/28\/revisions\/8384"}],"wp:attachment":[{"href":"https:\/\/www.anselmodeandrade.pt\/aeaa\/index.php\/wp-json\/wp\/v2\/media?parent=28"}],"curies":[{"name":"wp","href":"https:\/\/api.w.org\/{rel}","templated":true}]}}